{"id":83,"date":"2017-04-24T22:32:41","date_gmt":"2017-04-24T20:32:41","guid":{"rendered":"http:\/\/bertrandassezat-psychologue.fr\/?page_id=83"},"modified":"2024-09-11T09:58:18","modified_gmt":"2024-09-11T07:58:18","slug":"ma-formation","status":"publish","type":"page","link":"https:\/\/bertrandassezat-psychologue.fr\/?page_id=83","title":{"rendered":"Mon parcours professionnel"},"content":{"rendered":"<p class=\"p1\"><strong><span class=\"s1\">Psychologue clinicien, dipl\u00f4m\u00e9 de l&rsquo;universit\u00e9 Paris V Ren\u00e9 Descartes.<\/span><\/strong><\/p>\n<p class=\"p1\"><strong><span class=\"s1\">Psychoth\u00e9rapeute, certifi\u00e9 par l\u2019Agence R\u00e9gional de Sant\u00e9.<\/span><\/strong><\/p>\n<p><strong>Psychanalyste, praticien \u00e0 la Soci\u00e9t\u00e9 Psychanalytique de Paris \u00a0<\/strong><\/p>\n<p class=\"p1\"><span class=\"s1\">Durant de longues ann\u00e9es, j\u2019ai exerc\u00e9 <strong>dans diff\u00e9rentes institutions reconnues d\u2019utilit\u00e9 publique<\/strong> : avec des enfants et des b\u00e9b\u00e9s (PMI, Unit\u00e9 Petite Enfance et Parentalit\u00e9\u2026) des adolescents (Lieu d&rsquo;\u00e9coute et d&rsquo;accueil, h\u00f4pital de jour\u2026), ainsi qu\u2019avec des adultes (Consultations th\u00e9rapeutiques adultes&#8230;)<\/span><\/p>\n<p class=\"p1\"><span class=\"s1\">Cette pratique professionnelle qui comporte plusieurs responsabilit\u00e9s, <strong>s\u2019accompagne de formations par des organismes s\u00e9rieux et des psychanalystes comp\u00e9tents<\/strong>.<\/span><\/p>\n<p class=\"p1\">Num\u00e9ro ADELI : 75 93 4178 7<\/p>\n<p class=\"p1\">Num\u00e9ro Siret :\u00a082320410200011<\/p>\n\n\n<p><\/p>\n","protected":false},"excerpt":{"rendered":"<p>Psychologue clinicien, dipl\u00f4m\u00e9 de l&rsquo;universit\u00e9 Paris V Ren\u00e9 Descartes. Psychoth\u00e9rapeute, certifi\u00e9 par l\u2019Agence R\u00e9gional de Sant\u00e9. Psychanalyste, praticien \u00e0 la Soci\u00e9t\u00e9 Psychanalytique de Paris \u00a0 Durant de longues ann\u00e9es, j\u2019ai exerc\u00e9 dans diff\u00e9rentes institutions reconnues d\u2019utilit\u00e9 publique : avec des enfants et des b\u00e9b\u00e9s (PMI, Unit\u00e9 Petite Enfance et Parentalit\u00e9\u2026) des adolescents (Lieu d&rsquo;\u00e9coute et [&hellip;]<\/p>\n","protected":false},"author":1,"featured_media":0,"parent":0,"menu_order":0,"comment_status":"closed","ping_status":"closed","template":"","meta":{"_monsterinsights_skip_tracking":false,"_monsterinsights_sitenote_active":false,"_monsterinsights_sitenote_note":"","_monsterinsights_sitenote_category":0,"footnotes":""},"class_list":["post-83","page","type-page","status-publish","hentry"],"yoast_head":"<!-- This site is optimized with the Yoast SEO plugin v27.4 - https:\/\/yoast.com\/product\/yoast-seo-wordpress\/ -->\n<title>Mon parcours professionnel - Bertrand ASSEZAT<\/title>\n<meta name=\"robots\" content=\"index, follow, max-snippet:-1, max-image-preview:large, max-video-preview:-1\" \/>\n<link rel=\"canonical\" href=\"https:\/\/bertrandassezat-psychologue.fr\/?page_id=83\" \/>\n<meta property=\"og:locale\" content=\"fr_FR\" \/>\n<meta property=\"og:type\" content=\"article\" \/>\n<meta property=\"og:title\" content=\"Mon parcours professionnel - Bertrand ASSEZAT\" \/>\n<meta property=\"og:description\" content=\"Psychologue clinicien, dipl\u00f4m\u00e9 de l&rsquo;universit\u00e9 Paris V Ren\u00e9 Descartes. Psychoth\u00e9rapeute, certifi\u00e9 par l\u2019Agence R\u00e9gional de Sant\u00e9. Psychanalyste, praticien \u00e0 la Soci\u00e9t\u00e9 Psychanalytique de Paris \u00a0 Durant de longues ann\u00e9es, j\u2019ai exerc\u00e9 dans diff\u00e9rentes institutions reconnues d\u2019utilit\u00e9 publique : avec des enfants et des b\u00e9b\u00e9s (PMI, Unit\u00e9 Petite Enfance et Parentalit\u00e9\u2026) des adolescents (Lieu d&rsquo;\u00e9coute et [&hellip;]\" \/>\n<meta property=\"og:url\" content=\"https:\/\/bertrandassezat-psychologue.fr\/?page_id=83\" \/>\n<meta property=\"og:site_name\" content=\"Bertrand ASSEZAT\" \/>\n<meta property=\"article:modified_time\" content=\"2024-09-11T07:58:18+00:00\" \/>\n<meta name=\"twitter:card\" content=\"summary_large_image\" \/>\n<meta name=\"twitter:label1\" content=\"Dur\u00e9e de lecture estim\u00e9e\" \/>\n\t<meta name=\"twitter:data1\" content=\"1 minute\" \/>\n<script type=\"application\/ld+json\" class=\"yoast-schema-graph\">{\"@context\":\"https:\\\/\\\/schema.org\",\"@graph\":[{\"@type\":\"WebPage\",\"@id\":\"https:\\\/\\\/bertrandassezat-psychologue.fr\\\/?page_id=83\",\"url\":\"https:\\\/\\\/bertrandassezat-psychologue.fr\\\/?page_id=83\",\"name\":\"Mon parcours professionnel - Bertrand ASSEZAT\",\"isPartOf\":{\"@id\":\"https:\\\/\\\/bertrandassezat-psychologue.fr\\\/#website\"},\"datePublished\":\"2017-04-24T20:32:41+00:00\",\"dateModified\":\"2024-09-11T07:58:18+00:00\",\"breadcrumb\":{\"@id\":\"https:\\\/\\\/bertrandassezat-psychologue.fr\\\/?page_id=83#breadcrumb\"},\"inLanguage\":\"fr-FR\",\"potentialAction\":[{\"@type\":\"ReadAction\",\"target\":[\"https:\\\/\\\/bertrandassezat-psychologue.fr\\\/?page_id=83\"]}]},{\"@type\":\"BreadcrumbList\",\"@id\":\"https:\\\/\\\/bertrandassezat-psychologue.fr\\\/?page_id=83#breadcrumb\",\"itemListElement\":[{\"@type\":\"ListItem\",\"position\":1,\"name\":\"Accueil\",\"item\":\"https:\\\/\\\/bertrandassezat-psychologue.fr\\\/\"},{\"@type\":\"ListItem\",\"position\":2,\"name\":\"Mon parcours professionnel\"}]},{\"@type\":\"WebSite\",\"@id\":\"https:\\\/\\\/bertrandassezat-psychologue.fr\\\/#website\",\"url\":\"https:\\\/\\\/bertrandassezat-psychologue.fr\\\/\",\"name\":\"Bertrand ASSEZAT\",\"description\":\"Psychologue Clinicien - Psychoth\u00e9rapeute - Psychanalyste (SPP) \u00e0 Asni\u00e8res Sur Seine, gare de Becon les Bruyeres\",\"potentialAction\":[{\"@type\":\"SearchAction\",\"target\":{\"@type\":\"EntryPoint\",\"urlTemplate\":\"https:\\\/\\\/bertrandassezat-psychologue.fr\\\/?s={search_term_string}\"},\"query-input\":{\"@type\":\"PropertyValueSpecification\",\"valueRequired\":true,\"valueName\":\"search_term_string\"}}],\"inLanguage\":\"fr-FR\"}]}<\/script>\n<!-- \/ Yoast SEO plugin. -->","yoast_head_json":{"title":"Mon parcours professionnel - Bertrand ASSEZAT","robots":{"index":"index","follow":"follow","max-snippet":"max-snippet:-1","max-image-preview":"max-image-preview:large","max-video-preview":"max-video-preview:-1"},"canonical":"https:\/\/bertrandassezat-psychologue.fr\/?page_id=83","og_locale":"fr_FR","og_type":"article","og_title":"Mon parcours professionnel - Bertrand ASSEZAT","og_description":"Psychologue clinicien, dipl\u00f4m\u00e9 de l&rsquo;universit\u00e9 Paris V Ren\u00e9 Descartes. Psychoth\u00e9rapeute, certifi\u00e9 par l\u2019Agence R\u00e9gional de Sant\u00e9. Psychanalyste, praticien \u00e0 la Soci\u00e9t\u00e9 Psychanalytique de Paris \u00a0 Durant de longues ann\u00e9es, j\u2019ai exerc\u00e9 dans diff\u00e9rentes institutions reconnues d\u2019utilit\u00e9 publique : avec des enfants et des b\u00e9b\u00e9s (PMI, Unit\u00e9 Petite Enfance et Parentalit\u00e9\u2026) des adolescents (Lieu d&rsquo;\u00e9coute et [&hellip;]","og_url":"https:\/\/bertrandassezat-psychologue.fr\/?page_id=83","og_site_name":"Bertrand ASSEZAT","article_modified_time":"2024-09-11T07:58:18+00:00","twitter_card":"summary_large_image","twitter_misc":{"Dur\u00e9e de lecture estim\u00e9e":"1 minute"},"schema":{"@context":"https:\/\/schema.org","@graph":[{"@type":"WebPage","@id":"https:\/\/bertrandassezat-psychologue.fr\/?page_id=83","url":"https:\/\/bertrandassezat-psychologue.fr\/?page_id=83","name":"Mon parcours professionnel - Bertrand ASSEZAT","isPartOf":{"@id":"https:\/\/bertrandassezat-psychologue.fr\/#website"},"datePublished":"2017-04-24T20:32:41+00:00","dateModified":"2024-09-11T07:58:18+00:00","breadcrumb":{"@id":"https:\/\/bertrandassezat-psychologue.fr\/?page_id=83#breadcrumb"},"inLanguage":"fr-FR","potentialAction":[{"@type":"ReadAction","target":["https:\/\/bertrandassezat-psychologue.fr\/?page_id=83"]}]},{"@type":"BreadcrumbList","@id":"https:\/\/bertrandassezat-psychologue.fr\/?page_id=83#breadcrumb","itemListElement":[{"@type":"ListItem","position":1,"name":"Accueil","item":"https:\/\/bertrandassezat-psychologue.fr\/"},{"@type":"ListItem","position":2,"name":"Mon parcours professionnel"}]},{"@type":"WebSite","@id":"https:\/\/bertrandassezat-psychologue.fr\/#website","url":"https:\/\/bertrandassezat-psychologue.fr\/","name":"Bertrand ASSEZAT","description":"Psychologue Clinicien - Psychoth\u00e9rapeute - Psychanalyste (SPP) \u00e0 Asni\u00e8res Sur Seine, gare de Becon les Bruyeres","potentialAction":[{"@type":"SearchAction","target":{"@type":"EntryPoint","urlTemplate":"https:\/\/bertrandassezat-psychologue.fr\/?s={search_term_string}"},"query-input":{"@type":"PropertyValueSpecification","valueRequired":true,"valueName":"search_term_string"}}],"inLanguage":"fr-FR"}]}},"jetpack_sharing_enabled":true,"_links":{"self":[{"href":"https:\/\/bertrandassezat-psychologue.fr\/index.php?rest_route=\/wp\/v2\/pages\/83","targetHints":{"allow":["GET"]}}],"collection":[{"href":"https:\/\/bertrandassezat-psychologue.fr\/index.php?rest_route=\/wp\/v2\/pages"}],"about":[{"href":"https:\/\/bertrandassezat-psychologue.fr\/index.php?rest_route=\/wp\/v2\/types\/page"}],"author":[{"embeddable":true,"href":"https:\/\/bertrandassezat-psychologue.fr\/index.php?rest_route=\/wp\/v2\/users\/1"}],"replies":[{"embeddable":true,"href":"https:\/\/bertrandassezat-psychologue.fr\/index.php?rest_route=%2Fwp%2Fv2%2Fcomments&post=83"}],"version-history":[{"count":15,"href":"https:\/\/bertrandassezat-psychologue.fr\/index.php?rest_route=\/wp\/v2\/pages\/83\/revisions"}],"predecessor-version":[{"id":463,"href":"https:\/\/bertrandassezat-psychologue.fr\/index.php?rest_route=\/wp\/v2\/pages\/83\/revisions\/463"}],"wp:attachment":[{"href":"https:\/\/bertrandassezat-psychologue.fr\/index.php?rest_route=%2Fwp%2Fv2%2Fmedia&parent=83"}],"curies":[{"name":"wp","href":"https:\/\/api.w.org\/{rel}","templated":true}]}}