{"id":81,"date":"2017-04-24T22:32:21","date_gmt":"2017-04-24T20:32:21","guid":{"rendered":"http:\/\/bertrandassezat-psychologue.fr\/?page_id=81"},"modified":"2024-11-29T09:17:00","modified_gmt":"2024-11-29T08:17:00","slug":"parents-et-bebes","status":"publish","type":"page","link":"https:\/\/bertrandassezat-psychologue.fr\/?page_id=81","title":{"rendered":"Parents et b\u00e9b\u00e9s"},"content":{"rendered":"\n<p class=\"p1\"><span class=\"s1\">Le cabinet&nbsp;aussi est destin\u00e9 &nbsp;aux b\u00e9b\u00e9s et \u00e0 leur parents :<\/span><\/p>\n\n\n\n<ul class=\"wp-block-list\">\n<li><span class=\"s1\">soit lors de quelques consultations.<\/span><\/li>\n\n\n\n<li>soit lors de traitements pr\u00e9coces parent-b\u00e9b\u00e9, lorsque cela s\u2019av\u00e8re\u00a0n\u00e9cessaire.<\/li>\n<\/ul>\n\n\n\n<p class=\"p1\"><span class=\"s1\">&nbsp; &nbsp;Il est donc propos\u00e9 de <strong>rem\u00e9dier aux difficult\u00e9s manifestes actuelles du b\u00e9b\u00e9<\/strong> tels que des difficult\u00e9s de sommeil, d\u2019endormissement,<span class=\"Apple-converted-space\">&nbsp; <\/span>d\u2019alimentation, de sevrage, de s\u00e9paration et ainsi<span class=\"Apple-converted-space\">&nbsp; <\/span>de pr\u00e9venir des complications ; et \u00e9galement d\u2019aborder si n\u00e9cessaire des questions plus profondes autour du lien parents &#8211; b\u00e9b\u00e9s.<\/span><\/p>\n\n\n\n<p><span class=\"s1\">&nbsp; &nbsp;Il s\u2019agit d\u2019accueillir l\u2019enfant et ses parents dans <strong>un espace de pr\u00e9vention et de soins pr\u00e9coces<\/strong> centr\u00e9s sur le d\u00e9veloppement du tout petit, ainsi que de r\u00e9pondre au questionnement des futurs parents et des parents sur leur relation avec leur b\u00e9b\u00e9 et de les <strong>soutenir dans leur&nbsp;<\/strong><strong>parentalit\u00e9<\/strong>.<\/span><\/p>\n\n\n\n<p class=\"p1\"><\/p>\n","protected":false},"excerpt":{"rendered":"<p>Le cabinet&nbsp;aussi est destin\u00e9 &nbsp;aux b\u00e9b\u00e9s et \u00e0 leur parents : &nbsp; &nbsp;Il est donc propos\u00e9 de rem\u00e9dier aux difficult\u00e9s manifestes actuelles du b\u00e9b\u00e9 tels que des difficult\u00e9s de sommeil, d\u2019endormissement,&nbsp; d\u2019alimentation, de sevrage, de s\u00e9paration et ainsi&nbsp; de pr\u00e9venir des complications ; et \u00e9galement d\u2019aborder si n\u00e9cessaire des questions plus profondes autour du lien [&hellip;]<\/p>\n","protected":false},"author":1,"featured_media":0,"parent":0,"menu_order":0,"comment_status":"closed","ping_status":"closed","template":"","meta":{"_monsterinsights_skip_tracking":false,"_monsterinsights_sitenote_active":false,"_monsterinsights_sitenote_note":"","_monsterinsights_sitenote_category":0,"footnotes":""},"class_list":["post-81","page","type-page","status-publish","hentry"],"yoast_head":"<!-- This site is optimized with the Yoast SEO plugin v27.4 - https:\/\/yoast.com\/product\/yoast-seo-wordpress\/ -->\n<title>Parents et b\u00e9b\u00e9s - Bertrand ASSEZAT<\/title>\n<meta name=\"robots\" content=\"index, follow, max-snippet:-1, max-image-preview:large, max-video-preview:-1\" \/>\n<link rel=\"canonical\" href=\"https:\/\/bertrandassezat-psychologue.fr\/?page_id=81\" \/>\n<meta property=\"og:locale\" content=\"fr_FR\" \/>\n<meta property=\"og:type\" content=\"article\" \/>\n<meta property=\"og:title\" content=\"Parents et b\u00e9b\u00e9s - Bertrand ASSEZAT\" \/>\n<meta property=\"og:description\" content=\"Le cabinet&nbsp;aussi est destin\u00e9 &nbsp;aux b\u00e9b\u00e9s et \u00e0 leur parents : &nbsp; &nbsp;Il est donc propos\u00e9 de rem\u00e9dier aux difficult\u00e9s manifestes actuelles du b\u00e9b\u00e9 tels que des difficult\u00e9s de sommeil, d\u2019endormissement,&nbsp; d\u2019alimentation, de sevrage, de s\u00e9paration et ainsi&nbsp; de pr\u00e9venir des complications ; et \u00e9galement d\u2019aborder si n\u00e9cessaire des questions plus profondes autour du lien [&hellip;]\" \/>\n<meta property=\"og:url\" content=\"https:\/\/bertrandassezat-psychologue.fr\/?page_id=81\" \/>\n<meta property=\"og:site_name\" content=\"Bertrand ASSEZAT\" \/>\n<meta property=\"article:modified_time\" content=\"2024-11-29T08:17:00+00:00\" \/>\n<meta name=\"twitter:card\" content=\"summary_large_image\" \/>\n<meta name=\"twitter:label1\" content=\"Dur\u00e9e de lecture estim\u00e9e\" \/>\n\t<meta name=\"twitter:data1\" content=\"1 minute\" \/>\n<script type=\"application\/ld+json\" class=\"yoast-schema-graph\">{\"@context\":\"https:\\\/\\\/schema.org\",\"@graph\":[{\"@type\":\"WebPage\",\"@id\":\"https:\\\/\\\/bertrandassezat-psychologue.fr\\\/?page_id=81\",\"url\":\"https:\\\/\\\/bertrandassezat-psychologue.fr\\\/?page_id=81\",\"name\":\"Parents et b\u00e9b\u00e9s - Bertrand ASSEZAT\",\"isPartOf\":{\"@id\":\"https:\\\/\\\/bertrandassezat-psychologue.fr\\\/#website\"},\"datePublished\":\"2017-04-24T20:32:21+00:00\",\"dateModified\":\"2024-11-29T08:17:00+00:00\",\"breadcrumb\":{\"@id\":\"https:\\\/\\\/bertrandassezat-psychologue.fr\\\/?page_id=81#breadcrumb\"},\"inLanguage\":\"fr-FR\",\"potentialAction\":[{\"@type\":\"ReadAction\",\"target\":[\"https:\\\/\\\/bertrandassezat-psychologue.fr\\\/?page_id=81\"]}]},{\"@type\":\"BreadcrumbList\",\"@id\":\"https:\\\/\\\/bertrandassezat-psychologue.fr\\\/?page_id=81#breadcrumb\",\"itemListElement\":[{\"@type\":\"ListItem\",\"position\":1,\"name\":\"Accueil\",\"item\":\"https:\\\/\\\/bertrandassezat-psychologue.fr\\\/\"},{\"@type\":\"ListItem\",\"position\":2,\"name\":\"Parents et b\u00e9b\u00e9s\"}]},{\"@type\":\"WebSite\",\"@id\":\"https:\\\/\\\/bertrandassezat-psychologue.fr\\\/#website\",\"url\":\"https:\\\/\\\/bertrandassezat-psychologue.fr\\\/\",\"name\":\"Bertrand ASSEZAT\",\"description\":\"Psychologue Clinicien - Psychoth\u00e9rapeute - Psychanalyste (SPP) \u00e0 Asni\u00e8res Sur Seine, gare de Becon les Bruyeres\",\"potentialAction\":[{\"@type\":\"SearchAction\",\"target\":{\"@type\":\"EntryPoint\",\"urlTemplate\":\"https:\\\/\\\/bertrandassezat-psychologue.fr\\\/?s={search_term_string}\"},\"query-input\":{\"@type\":\"PropertyValueSpecification\",\"valueRequired\":true,\"valueName\":\"search_term_string\"}}],\"inLanguage\":\"fr-FR\"}]}<\/script>\n<!-- \/ Yoast SEO plugin. -->","yoast_head_json":{"title":"Parents et b\u00e9b\u00e9s - Bertrand ASSEZAT","robots":{"index":"index","follow":"follow","max-snippet":"max-snippet:-1","max-image-preview":"max-image-preview:large","max-video-preview":"max-video-preview:-1"},"canonical":"https:\/\/bertrandassezat-psychologue.fr\/?page_id=81","og_locale":"fr_FR","og_type":"article","og_title":"Parents et b\u00e9b\u00e9s - Bertrand ASSEZAT","og_description":"Le cabinet&nbsp;aussi est destin\u00e9 &nbsp;aux b\u00e9b\u00e9s et \u00e0 leur parents : &nbsp; &nbsp;Il est donc propos\u00e9 de rem\u00e9dier aux difficult\u00e9s manifestes actuelles du b\u00e9b\u00e9 tels que des difficult\u00e9s de sommeil, d\u2019endormissement,&nbsp; d\u2019alimentation, de sevrage, de s\u00e9paration et ainsi&nbsp; de pr\u00e9venir des complications ; et \u00e9galement d\u2019aborder si n\u00e9cessaire des questions plus profondes autour du lien [&hellip;]","og_url":"https:\/\/bertrandassezat-psychologue.fr\/?page_id=81","og_site_name":"Bertrand ASSEZAT","article_modified_time":"2024-11-29T08:17:00+00:00","twitter_card":"summary_large_image","twitter_misc":{"Dur\u00e9e de lecture estim\u00e9e":"1 minute"},"schema":{"@context":"https:\/\/schema.org","@graph":[{"@type":"WebPage","@id":"https:\/\/bertrandassezat-psychologue.fr\/?page_id=81","url":"https:\/\/bertrandassezat-psychologue.fr\/?page_id=81","name":"Parents et b\u00e9b\u00e9s - Bertrand ASSEZAT","isPartOf":{"@id":"https:\/\/bertrandassezat-psychologue.fr\/#website"},"datePublished":"2017-04-24T20:32:21+00:00","dateModified":"2024-11-29T08:17:00+00:00","breadcrumb":{"@id":"https:\/\/bertrandassezat-psychologue.fr\/?page_id=81#breadcrumb"},"inLanguage":"fr-FR","potentialAction":[{"@type":"ReadAction","target":["https:\/\/bertrandassezat-psychologue.fr\/?page_id=81"]}]},{"@type":"BreadcrumbList","@id":"https:\/\/bertrandassezat-psychologue.fr\/?page_id=81#breadcrumb","itemListElement":[{"@type":"ListItem","position":1,"name":"Accueil","item":"https:\/\/bertrandassezat-psychologue.fr\/"},{"@type":"ListItem","position":2,"name":"Parents et b\u00e9b\u00e9s"}]},{"@type":"WebSite","@id":"https:\/\/bertrandassezat-psychologue.fr\/#website","url":"https:\/\/bertrandassezat-psychologue.fr\/","name":"Bertrand ASSEZAT","description":"Psychologue Clinicien - Psychoth\u00e9rapeute - Psychanalyste (SPP) \u00e0 Asni\u00e8res Sur Seine, gare de Becon les Bruyeres","potentialAction":[{"@type":"SearchAction","target":{"@type":"EntryPoint","urlTemplate":"https:\/\/bertrandassezat-psychologue.fr\/?s={search_term_string}"},"query-input":{"@type":"PropertyValueSpecification","valueRequired":true,"valueName":"search_term_string"}}],"inLanguage":"fr-FR"}]}},"jetpack_sharing_enabled":true,"_links":{"self":[{"href":"https:\/\/bertrandassezat-psychologue.fr\/index.php?rest_route=\/wp\/v2\/pages\/81","targetHints":{"allow":["GET"]}}],"collection":[{"href":"https:\/\/bertrandassezat-psychologue.fr\/index.php?rest_route=\/wp\/v2\/pages"}],"about":[{"href":"https:\/\/bertrandassezat-psychologue.fr\/index.php?rest_route=\/wp\/v2\/types\/page"}],"author":[{"embeddable":true,"href":"https:\/\/bertrandassezat-psychologue.fr\/index.php?rest_route=\/wp\/v2\/users\/1"}],"replies":[{"embeddable":true,"href":"https:\/\/bertrandassezat-psychologue.fr\/index.php?rest_route=%2Fwp%2Fv2%2Fcomments&post=81"}],"version-history":[{"count":9,"href":"https:\/\/bertrandassezat-psychologue.fr\/index.php?rest_route=\/wp\/v2\/pages\/81\/revisions"}],"predecessor-version":[{"id":469,"href":"https:\/\/bertrandassezat-psychologue.fr\/index.php?rest_route=\/wp\/v2\/pages\/81\/revisions\/469"}],"wp:attachment":[{"href":"https:\/\/bertrandassezat-psychologue.fr\/index.php?rest_route=%2Fwp%2Fv2%2Fmedia&parent=81"}],"curies":[{"name":"wp","href":"https:\/\/api.w.org\/{rel}","templated":true}]}}