{"id":79,"date":"2017-04-24T22:31:22","date_gmt":"2017-04-24T20:31:22","guid":{"rendered":"http:\/\/bertrandassezat-psychologue.fr\/?page_id=79"},"modified":"2019-01-02T19:34:20","modified_gmt":"2019-01-02T18:34:20","slug":"consultations-parentales","status":"publish","type":"page","link":"https:\/\/bertrandassezat-psychologue.fr\/?page_id=79","title":{"rendered":"Consultations parentales"},"content":{"rendered":"<p class=\"p1\"><span class=\"s1\">Consultations familiales et\/ou suivis personnalis\u00e9s des parents<\/span><\/p>\n<p class=\"p1\"><span class=\"s1\">Des consultations parentales sont propos\u00e9s pour <strong>\u00e9voquer le lien avec leur enfant et les difficult\u00e9s rencontr\u00e9es<\/strong>. <\/span><\/p>\n<p class=\"p1\"><span class=\"s1\">\u00a0 \u00a0Ce travail de consultation parentale peut entre autre <strong>permettre \u00e0 terme une prise en charge th\u00e9rapeutique pour l&rsquo;enfant ou\/et une consultation parents-adolescents<\/strong>.<\/span><\/p>\n","protected":false},"excerpt":{"rendered":"<p>Consultations familiales et\/ou suivis personnalis\u00e9s des parents Des consultations parentales sont propos\u00e9s pour \u00e9voquer le lien avec leur enfant et les difficult\u00e9s rencontr\u00e9es. \u00a0 \u00a0Ce travail de consultation parentale peut entre autre permettre \u00e0 terme une prise en charge th\u00e9rapeutique pour l&rsquo;enfant ou\/et une consultation parents-adolescents.<\/p>\n","protected":false},"author":1,"featured_media":0,"parent":0,"menu_order":0,"comment_status":"closed","ping_status":"closed","template":"","meta":{"_monsterinsights_skip_tracking":false,"_monsterinsights_sitenote_active":false,"_monsterinsights_sitenote_note":"","_monsterinsights_sitenote_category":0,"footnotes":""},"class_list":["post-79","page","type-page","status-publish","hentry"],"yoast_head":"<!-- This site is optimized with the Yoast SEO plugin v27.4 - https:\/\/yoast.com\/product\/yoast-seo-wordpress\/ -->\n<title>Consultations parentales - Bertrand ASSEZAT<\/title>\n<meta name=\"robots\" content=\"index, follow, max-snippet:-1, max-image-preview:large, max-video-preview:-1\" \/>\n<link rel=\"canonical\" href=\"https:\/\/bertrandassezat-psychologue.fr\/?page_id=79\" \/>\n<meta property=\"og:locale\" content=\"fr_FR\" \/>\n<meta property=\"og:type\" content=\"article\" \/>\n<meta property=\"og:title\" content=\"Consultations parentales - Bertrand ASSEZAT\" \/>\n<meta property=\"og:description\" content=\"Consultations familiales et\/ou suivis personnalis\u00e9s des parents Des consultations parentales sont propos\u00e9s pour \u00e9voquer le lien avec leur enfant et les difficult\u00e9s rencontr\u00e9es. \u00a0 \u00a0Ce travail de consultation parentale peut entre autre permettre \u00e0 terme une prise en charge th\u00e9rapeutique pour l&rsquo;enfant ou\/et une consultation parents-adolescents.\" \/>\n<meta property=\"og:url\" content=\"https:\/\/bertrandassezat-psychologue.fr\/?page_id=79\" \/>\n<meta property=\"og:site_name\" content=\"Bertrand ASSEZAT\" \/>\n<meta property=\"article:modified_time\" content=\"2019-01-02T18:34:20+00:00\" \/>\n<meta name=\"twitter:card\" content=\"summary_large_image\" \/>\n<script type=\"application\/ld+json\" class=\"yoast-schema-graph\">{\"@context\":\"https:\\\/\\\/schema.org\",\"@graph\":[{\"@type\":\"WebPage\",\"@id\":\"https:\\\/\\\/bertrandassezat-psychologue.fr\\\/?page_id=79\",\"url\":\"https:\\\/\\\/bertrandassezat-psychologue.fr\\\/?page_id=79\",\"name\":\"Consultations parentales - Bertrand ASSEZAT\",\"isPartOf\":{\"@id\":\"https:\\\/\\\/bertrandassezat-psychologue.fr\\\/#website\"},\"datePublished\":\"2017-04-24T20:31:22+00:00\",\"dateModified\":\"2019-01-02T18:34:20+00:00\",\"breadcrumb\":{\"@id\":\"https:\\\/\\\/bertrandassezat-psychologue.fr\\\/?page_id=79#breadcrumb\"},\"inLanguage\":\"fr-FR\",\"potentialAction\":[{\"@type\":\"ReadAction\",\"target\":[\"https:\\\/\\\/bertrandassezat-psychologue.fr\\\/?page_id=79\"]}]},{\"@type\":\"BreadcrumbList\",\"@id\":\"https:\\\/\\\/bertrandassezat-psychologue.fr\\\/?page_id=79#breadcrumb\",\"itemListElement\":[{\"@type\":\"ListItem\",\"position\":1,\"name\":\"Accueil\",\"item\":\"https:\\\/\\\/bertrandassezat-psychologue.fr\\\/\"},{\"@type\":\"ListItem\",\"position\":2,\"name\":\"Consultations parentales\"}]},{\"@type\":\"WebSite\",\"@id\":\"https:\\\/\\\/bertrandassezat-psychologue.fr\\\/#website\",\"url\":\"https:\\\/\\\/bertrandassezat-psychologue.fr\\\/\",\"name\":\"Bertrand ASSEZAT\",\"description\":\"Psychologue Clinicien - Psychoth\u00e9rapeute - Psychanalyste (SPP) \u00e0 Asni\u00e8res Sur Seine, gare de Becon les Bruyeres\",\"potentialAction\":[{\"@type\":\"SearchAction\",\"target\":{\"@type\":\"EntryPoint\",\"urlTemplate\":\"https:\\\/\\\/bertrandassezat-psychologue.fr\\\/?s={search_term_string}\"},\"query-input\":{\"@type\":\"PropertyValueSpecification\",\"valueRequired\":true,\"valueName\":\"search_term_string\"}}],\"inLanguage\":\"fr-FR\"}]}<\/script>\n<!-- \/ Yoast SEO plugin. -->","yoast_head_json":{"title":"Consultations parentales - Bertrand ASSEZAT","robots":{"index":"index","follow":"follow","max-snippet":"max-snippet:-1","max-image-preview":"max-image-preview:large","max-video-preview":"max-video-preview:-1"},"canonical":"https:\/\/bertrandassezat-psychologue.fr\/?page_id=79","og_locale":"fr_FR","og_type":"article","og_title":"Consultations parentales - Bertrand ASSEZAT","og_description":"Consultations familiales et\/ou suivis personnalis\u00e9s des parents Des consultations parentales sont propos\u00e9s pour \u00e9voquer le lien avec leur enfant et les difficult\u00e9s rencontr\u00e9es. \u00a0 \u00a0Ce travail de consultation parentale peut entre autre permettre \u00e0 terme une prise en charge th\u00e9rapeutique pour l&rsquo;enfant ou\/et une consultation parents-adolescents.","og_url":"https:\/\/bertrandassezat-psychologue.fr\/?page_id=79","og_site_name":"Bertrand ASSEZAT","article_modified_time":"2019-01-02T18:34:20+00:00","twitter_card":"summary_large_image","schema":{"@context":"https:\/\/schema.org","@graph":[{"@type":"WebPage","@id":"https:\/\/bertrandassezat-psychologue.fr\/?page_id=79","url":"https:\/\/bertrandassezat-psychologue.fr\/?page_id=79","name":"Consultations parentales - Bertrand ASSEZAT","isPartOf":{"@id":"https:\/\/bertrandassezat-psychologue.fr\/#website"},"datePublished":"2017-04-24T20:31:22+00:00","dateModified":"2019-01-02T18:34:20+00:00","breadcrumb":{"@id":"https:\/\/bertrandassezat-psychologue.fr\/?page_id=79#breadcrumb"},"inLanguage":"fr-FR","potentialAction":[{"@type":"ReadAction","target":["https:\/\/bertrandassezat-psychologue.fr\/?page_id=79"]}]},{"@type":"BreadcrumbList","@id":"https:\/\/bertrandassezat-psychologue.fr\/?page_id=79#breadcrumb","itemListElement":[{"@type":"ListItem","position":1,"name":"Accueil","item":"https:\/\/bertrandassezat-psychologue.fr\/"},{"@type":"ListItem","position":2,"name":"Consultations parentales"}]},{"@type":"WebSite","@id":"https:\/\/bertrandassezat-psychologue.fr\/#website","url":"https:\/\/bertrandassezat-psychologue.fr\/","name":"Bertrand ASSEZAT","description":"Psychologue Clinicien - Psychoth\u00e9rapeute - Psychanalyste (SPP) \u00e0 Asni\u00e8res Sur Seine, gare de Becon les Bruyeres","potentialAction":[{"@type":"SearchAction","target":{"@type":"EntryPoint","urlTemplate":"https:\/\/bertrandassezat-psychologue.fr\/?s={search_term_string}"},"query-input":{"@type":"PropertyValueSpecification","valueRequired":true,"valueName":"search_term_string"}}],"inLanguage":"fr-FR"}]}},"jetpack_sharing_enabled":true,"_links":{"self":[{"href":"https:\/\/bertrandassezat-psychologue.fr\/index.php?rest_route=\/wp\/v2\/pages\/79","targetHints":{"allow":["GET"]}}],"collection":[{"href":"https:\/\/bertrandassezat-psychologue.fr\/index.php?rest_route=\/wp\/v2\/pages"}],"about":[{"href":"https:\/\/bertrandassezat-psychologue.fr\/index.php?rest_route=\/wp\/v2\/types\/page"}],"author":[{"embeddable":true,"href":"https:\/\/bertrandassezat-psychologue.fr\/index.php?rest_route=\/wp\/v2\/users\/1"}],"replies":[{"embeddable":true,"href":"https:\/\/bertrandassezat-psychologue.fr\/index.php?rest_route=%2Fwp%2Fv2%2Fcomments&post=79"}],"version-history":[{"count":6,"href":"https:\/\/bertrandassezat-psychologue.fr\/index.php?rest_route=\/wp\/v2\/pages\/79\/revisions"}],"predecessor-version":[{"id":174,"href":"https:\/\/bertrandassezat-psychologue.fr\/index.php?rest_route=\/wp\/v2\/pages\/79\/revisions\/174"}],"wp:attachment":[{"href":"https:\/\/bertrandassezat-psychologue.fr\/index.php?rest_route=%2Fwp%2Fv2%2Fmedia&parent=79"}],"curies":[{"name":"wp","href":"https:\/\/api.w.org\/{rel}","templated":true}]}}