{"id":75,"date":"2017-04-24T22:29:25","date_gmt":"2017-04-24T20:29:25","guid":{"rendered":"http:\/\/bertrandassezat-psychologue.fr\/?page_id=75"},"modified":"2024-09-11T09:56:10","modified_gmt":"2024-09-11T07:56:10","slug":"adulte","status":"publish","type":"page","link":"https:\/\/bertrandassezat-psychologue.fr\/?page_id=75","title":{"rendered":"Adultes"},"content":{"rendered":"\n<p><span class=\"s1\">&nbsp; &nbsp;<strong>Entamer une d\u00e9marche de soin<\/strong> est une fa\u00e7on de ne pas laisser \u00e9voluer une souffrance psychique pouvant \u00eatre soign\u00e9e, et de faire disparaitre durablement les sympt\u00f4mes.<\/span><\/p>\n\n\n\n<p><span class=\"s1\">&nbsp; &nbsp;D\u2019une autre mani\u00e8re, cela est le d\u00e9but d\u2019une reconnaissance de l\u2019existence d\u2019une cause int\u00e9rieure, subjective, plus ou moins \u00e9nigmatique, \u00e0 la source d\u2019angoisses, d\u2019inhibitions, <strong>de conflits qui p\u00e8sent sur la vie priv\u00e9e ou professionnelle<\/strong>. Ainsi la souffrance se manifeste sous forme de peurs irrationnelles, de doutes obs\u00e9dants, de malaises corporels sans cause organique ; ou peut se vivre en permanence avec un sentiment d\u2019inf\u00e9riorit\u00e9, de culpabilit\u00e9, un d\u00e9faut d\u2019intimit\u00e9 avec des proches, ou la r\u00e9p\u00e9tition de relations vou\u00e9es \u00e0 l\u2019\u00e9chec.<\/span><\/p>\n\n\n\n<p><span class=\"s1\">&nbsp; &nbsp;Mais les raisons qui am\u00e8nent quelqu\u2019un \u00e0 <strong>envisager le projet d\u2019une th\u00e9rapie ou d&rsquo;une analyse<\/strong>&nbsp;peuvent \u00eatre aussi moins li\u00e9es \u00e0 des sympt\u00f4mes : il peut s\u2019agir d\u2019un sentiment d\u2019inaccomplissement, ou, \u00e0 l\u2019occasion d\u2019une \u00e9preuve de la vie (deuil, crise conjugale, parentale, professionnelle), de l\u2019exigence de s\u2019interroger sur le parcours d\u2019une vie, d\u2019\u00e9lucider une histoire rest\u00e9e obscure.\n<\/span><\/p>\n\n\n\n<p>   Ainsi, les deux ou trois premi\u00e8res s\u00e9ances permettent de parler des difficult\u00e9s ou interrogations rencontr\u00e9es. Ces entretiens pr\u00e9liminaires vous invitent possiblement \u00e0 appr\u00e9hender ce que notre travail th\u00e9rapeutique peut vous apporter. A la suite de cela, nous pourrons d\u00e9finir ensemble le cadre qui vous est le plus adapt\u00e9. Ce dispositif peut \u00eatre amen\u00e9 \u00e0 \u00e9voluer avec le temps.<\/p>\n\n\n\n<p>Ce processus th\u00e9rapeutique, quelque soit sa forme, respecte la m\u00e9thode de la libre association : faire part de ce qui vous vient \u00e0 l\u2019esprit, favoris\u00e9 par une \u00e9coute bienveillante et sans jugement.<\/p>\n\n\n\n<p>Les s\u00e9ances sont de 45 minutes et leurs tarifs correspondent aux honoraires habituellement pratiqu\u00e9s. <\/p>\n","protected":false},"excerpt":{"rendered":"<p>&nbsp; &nbsp;Entamer une d\u00e9marche de soin est une fa\u00e7on de ne pas laisser \u00e9voluer une souffrance psychique pouvant \u00eatre soign\u00e9e, et de faire disparaitre durablement les sympt\u00f4mes. &nbsp; &nbsp;D\u2019une autre mani\u00e8re, cela est le d\u00e9but d\u2019une reconnaissance de l\u2019existence d\u2019une cause int\u00e9rieure, subjective, plus ou moins \u00e9nigmatique, \u00e0 la source d\u2019angoisses, d\u2019inhibitions, de conflits qui [&hellip;]<\/p>\n","protected":false},"author":1,"featured_media":0,"parent":0,"menu_order":0,"comment_status":"closed","ping_status":"closed","template":"","meta":{"_monsterinsights_skip_tracking":false,"_monsterinsights_sitenote_active":false,"_monsterinsights_sitenote_note":"","_monsterinsights_sitenote_category":0,"footnotes":""},"class_list":["post-75","page","type-page","status-publish","hentry"],"yoast_head":"<!-- This site is optimized with the Yoast SEO plugin v27.3 - https:\/\/yoast.com\/product\/yoast-seo-wordpress\/ -->\n<title>Adultes - Bertrand ASSEZAT<\/title>\n<meta name=\"robots\" content=\"index, follow, max-snippet:-1, max-image-preview:large, max-video-preview:-1\" \/>\n<link rel=\"canonical\" href=\"https:\/\/bertrandassezat-psychologue.fr\/?page_id=75\" \/>\n<meta property=\"og:locale\" content=\"fr_FR\" \/>\n<meta property=\"og:type\" content=\"article\" \/>\n<meta property=\"og:title\" content=\"Adultes - Bertrand ASSEZAT\" \/>\n<meta property=\"og:description\" content=\"&nbsp; &nbsp;Entamer une d\u00e9marche de soin est une fa\u00e7on de ne pas laisser \u00e9voluer une souffrance psychique pouvant \u00eatre soign\u00e9e, et de faire disparaitre durablement les sympt\u00f4mes. &nbsp; &nbsp;D\u2019une autre mani\u00e8re, cela est le d\u00e9but d\u2019une reconnaissance de l\u2019existence d\u2019une cause int\u00e9rieure, subjective, plus ou moins \u00e9nigmatique, \u00e0 la source d\u2019angoisses, d\u2019inhibitions, de conflits qui [&hellip;]\" \/>\n<meta property=\"og:url\" content=\"https:\/\/bertrandassezat-psychologue.fr\/?page_id=75\" \/>\n<meta property=\"og:site_name\" content=\"Bertrand ASSEZAT\" \/>\n<meta property=\"article:modified_time\" content=\"2024-09-11T07:56:10+00:00\" \/>\n<meta name=\"twitter:card\" content=\"summary_large_image\" \/>\n<meta name=\"twitter:label1\" content=\"Dur\u00e9e de lecture estim\u00e9e\" \/>\n\t<meta name=\"twitter:data1\" content=\"2 minutes\" \/>\n<script type=\"application\/ld+json\" class=\"yoast-schema-graph\">{\"@context\":\"https:\\\/\\\/schema.org\",\"@graph\":[{\"@type\":\"WebPage\",\"@id\":\"https:\\\/\\\/bertrandassezat-psychologue.fr\\\/?page_id=75\",\"url\":\"https:\\\/\\\/bertrandassezat-psychologue.fr\\\/?page_id=75\",\"name\":\"Adultes - Bertrand ASSEZAT\",\"isPartOf\":{\"@id\":\"https:\\\/\\\/bertrandassezat-psychologue.fr\\\/#website\"},\"datePublished\":\"2017-04-24T20:29:25+00:00\",\"dateModified\":\"2024-09-11T07:56:10+00:00\",\"breadcrumb\":{\"@id\":\"https:\\\/\\\/bertrandassezat-psychologue.fr\\\/?page_id=75#breadcrumb\"},\"inLanguage\":\"fr-FR\",\"potentialAction\":[{\"@type\":\"ReadAction\",\"target\":[\"https:\\\/\\\/bertrandassezat-psychologue.fr\\\/?page_id=75\"]}]},{\"@type\":\"BreadcrumbList\",\"@id\":\"https:\\\/\\\/bertrandassezat-psychologue.fr\\\/?page_id=75#breadcrumb\",\"itemListElement\":[{\"@type\":\"ListItem\",\"position\":1,\"name\":\"Accueil\",\"item\":\"https:\\\/\\\/bertrandassezat-psychologue.fr\\\/\"},{\"@type\":\"ListItem\",\"position\":2,\"name\":\"Adultes\"}]},{\"@type\":\"WebSite\",\"@id\":\"https:\\\/\\\/bertrandassezat-psychologue.fr\\\/#website\",\"url\":\"https:\\\/\\\/bertrandassezat-psychologue.fr\\\/\",\"name\":\"Bertrand ASSEZAT\",\"description\":\"Psychologue Clinicien - Psychoth\u00e9rapeute - Psychanalyste (SPP) \u00e0 Asni\u00e8res Sur Seine, gare de Becon les Bruyeres\",\"potentialAction\":[{\"@type\":\"SearchAction\",\"target\":{\"@type\":\"EntryPoint\",\"urlTemplate\":\"https:\\\/\\\/bertrandassezat-psychologue.fr\\\/?s={search_term_string}\"},\"query-input\":{\"@type\":\"PropertyValueSpecification\",\"valueRequired\":true,\"valueName\":\"search_term_string\"}}],\"inLanguage\":\"fr-FR\"}]}<\/script>\n<!-- \/ Yoast SEO plugin. -->","yoast_head_json":{"title":"Adultes - Bertrand ASSEZAT","robots":{"index":"index","follow":"follow","max-snippet":"max-snippet:-1","max-image-preview":"max-image-preview:large","max-video-preview":"max-video-preview:-1"},"canonical":"https:\/\/bertrandassezat-psychologue.fr\/?page_id=75","og_locale":"fr_FR","og_type":"article","og_title":"Adultes - Bertrand ASSEZAT","og_description":"&nbsp; &nbsp;Entamer une d\u00e9marche de soin est une fa\u00e7on de ne pas laisser \u00e9voluer une souffrance psychique pouvant \u00eatre soign\u00e9e, et de faire disparaitre durablement les sympt\u00f4mes. &nbsp; &nbsp;D\u2019une autre mani\u00e8re, cela est le d\u00e9but d\u2019une reconnaissance de l\u2019existence d\u2019une cause int\u00e9rieure, subjective, plus ou moins \u00e9nigmatique, \u00e0 la source d\u2019angoisses, d\u2019inhibitions, de conflits qui [&hellip;]","og_url":"https:\/\/bertrandassezat-psychologue.fr\/?page_id=75","og_site_name":"Bertrand ASSEZAT","article_modified_time":"2024-09-11T07:56:10+00:00","twitter_card":"summary_large_image","twitter_misc":{"Dur\u00e9e de lecture estim\u00e9e":"2 minutes"},"schema":{"@context":"https:\/\/schema.org","@graph":[{"@type":"WebPage","@id":"https:\/\/bertrandassezat-psychologue.fr\/?page_id=75","url":"https:\/\/bertrandassezat-psychologue.fr\/?page_id=75","name":"Adultes - Bertrand ASSEZAT","isPartOf":{"@id":"https:\/\/bertrandassezat-psychologue.fr\/#website"},"datePublished":"2017-04-24T20:29:25+00:00","dateModified":"2024-09-11T07:56:10+00:00","breadcrumb":{"@id":"https:\/\/bertrandassezat-psychologue.fr\/?page_id=75#breadcrumb"},"inLanguage":"fr-FR","potentialAction":[{"@type":"ReadAction","target":["https:\/\/bertrandassezat-psychologue.fr\/?page_id=75"]}]},{"@type":"BreadcrumbList","@id":"https:\/\/bertrandassezat-psychologue.fr\/?page_id=75#breadcrumb","itemListElement":[{"@type":"ListItem","position":1,"name":"Accueil","item":"https:\/\/bertrandassezat-psychologue.fr\/"},{"@type":"ListItem","position":2,"name":"Adultes"}]},{"@type":"WebSite","@id":"https:\/\/bertrandassezat-psychologue.fr\/#website","url":"https:\/\/bertrandassezat-psychologue.fr\/","name":"Bertrand ASSEZAT","description":"Psychologue Clinicien - Psychoth\u00e9rapeute - Psychanalyste (SPP) \u00e0 Asni\u00e8res Sur Seine, gare de Becon les Bruyeres","potentialAction":[{"@type":"SearchAction","target":{"@type":"EntryPoint","urlTemplate":"https:\/\/bertrandassezat-psychologue.fr\/?s={search_term_string}"},"query-input":{"@type":"PropertyValueSpecification","valueRequired":true,"valueName":"search_term_string"}}],"inLanguage":"fr-FR"}]}},"jetpack_sharing_enabled":true,"_links":{"self":[{"href":"https:\/\/bertrandassezat-psychologue.fr\/index.php?rest_route=\/wp\/v2\/pages\/75","targetHints":{"allow":["GET"]}}],"collection":[{"href":"https:\/\/bertrandassezat-psychologue.fr\/index.php?rest_route=\/wp\/v2\/pages"}],"about":[{"href":"https:\/\/bertrandassezat-psychologue.fr\/index.php?rest_route=\/wp\/v2\/types\/page"}],"author":[{"embeddable":true,"href":"https:\/\/bertrandassezat-psychologue.fr\/index.php?rest_route=\/wp\/v2\/users\/1"}],"replies":[{"embeddable":true,"href":"https:\/\/bertrandassezat-psychologue.fr\/index.php?rest_route=%2Fwp%2Fv2%2Fcomments&post=75"}],"version-history":[{"count":21,"href":"https:\/\/bertrandassezat-psychologue.fr\/index.php?rest_route=\/wp\/v2\/pages\/75\/revisions"}],"predecessor-version":[{"id":461,"href":"https:\/\/bertrandassezat-psychologue.fr\/index.php?rest_route=\/wp\/v2\/pages\/75\/revisions\/461"}],"wp:attachment":[{"href":"https:\/\/bertrandassezat-psychologue.fr\/index.php?rest_route=%2Fwp%2Fv2%2Fmedia&parent=75"}],"curies":[{"name":"wp","href":"https:\/\/api.w.org\/{rel}","templated":true}]}}