{"id":431,"date":"2019-12-09T17:37:25","date_gmt":"2019-12-09T16:37:25","guid":{"rendered":"http:\/\/bertrandassezat-psychologue.fr\/?page_id=431"},"modified":"2019-12-09T17:41:23","modified_gmt":"2019-12-09T16:41:23","slug":"couple","status":"publish","type":"page","link":"https:\/\/bertrandassezat-psychologue.fr\/?page_id=431","title":{"rendered":"Couples"},"content":{"rendered":"<p>Les th\u00e9rapies psychanalytiques du couple visent \u00e0 r\u00e9tablir la communication \u00e0 l\u2019int\u00e9rieur du couple, \u00e0 favoriser la parole.<\/p>\n<p>Elles tendent \u00e0 permettre aux partenaires du couple de mieux vivre ensemble, ou dans certains cas de se s\u00e9parer.<\/p>\n<p>Le th\u00e9rapeute de couple essaye de vous aider \u00e0 comprendre les m\u00e9canismes psychiques en jeu qui mettent en souffrance l\u2019\u00e9quilibre du couple. Les difficult\u00e9s peuvent \u00eatre des conflits verbaux ou parfois physique avec \u00e9ventuellement des d\u00e9sirs de s\u00e9paration, des mouvements d\u00e9pressifs avec des pertes de d\u00e9sirs sexuels ou de troubles sexuels apparu apr\u00e8s la naissance d\u2019un enfant, de sentiment d\u2019angoisse au sein du couple\u2026<\/p>\n<p>Apr\u00e8s quelques entretiens pr\u00e9liminaires, nous d\u00e9cidons ensemble d\u2019un rythme qui r\u00e9ponde, soit \u00e0 une crise passag\u00e8re, soit \u00e0 des difficult\u00e9s plus profondes n\u00e9cessitant alors une prise en charge th\u00e9rapeutique. Lors des entretiens, seul le couple est re\u00e7u, et cela d\u00e9s le d\u00e9but : il n\u2019y a pas de rencontre individuelle.<\/p>\n<p>En s\u00e9ances, j\u2019invite les deux partenaires \u00e0 parler librement de leur couple, en couple. En somme, chacun dit ce qu\u2019il souhaite dire.<\/p>\n<p>Ma fonction de th\u00e9rapeute est d\u2019accompagner une d\u00e9marche de compr\u00e9hension des liens conscients et inconscients qui vous unissent, de modifier les aspects pathog\u00e8nes et d\u2019ouvrir \u00e0 un meilleur dialogue au sein du couple.<\/p>\n","protected":false},"excerpt":{"rendered":"<p>Les th\u00e9rapies psychanalytiques du couple visent \u00e0 r\u00e9tablir la communication \u00e0 l\u2019int\u00e9rieur du couple, \u00e0 favoriser la parole. Elles tendent \u00e0 permettre aux partenaires du couple de mieux vivre ensemble, ou dans certains cas de se s\u00e9parer. Le th\u00e9rapeute de couple essaye de vous aider \u00e0 comprendre les m\u00e9canismes psychiques en jeu qui mettent en [&hellip;]<\/p>\n","protected":false},"author":1,"featured_media":0,"parent":0,"menu_order":0,"comment_status":"closed","ping_status":"closed","template":"","meta":{"_monsterinsights_skip_tracking":false,"_monsterinsights_sitenote_active":false,"_monsterinsights_sitenote_note":"","_monsterinsights_sitenote_category":0,"footnotes":""},"class_list":["post-431","page","type-page","status-publish","hentry"],"yoast_head":"<!-- This site is optimized with the Yoast SEO plugin v27.4 - https:\/\/yoast.com\/product\/yoast-seo-wordpress\/ -->\n<title>Couples - Bertrand ASSEZAT<\/title>\n<meta name=\"robots\" content=\"index, follow, max-snippet:-1, max-image-preview:large, max-video-preview:-1\" \/>\n<link rel=\"canonical\" href=\"https:\/\/bertrandassezat-psychologue.fr\/?page_id=431\" \/>\n<meta property=\"og:locale\" content=\"fr_FR\" \/>\n<meta property=\"og:type\" content=\"article\" \/>\n<meta property=\"og:title\" content=\"Couples - Bertrand ASSEZAT\" \/>\n<meta property=\"og:description\" content=\"Les th\u00e9rapies psychanalytiques du couple visent \u00e0 r\u00e9tablir la communication \u00e0 l\u2019int\u00e9rieur du couple, \u00e0 favoriser la parole. Elles tendent \u00e0 permettre aux partenaires du couple de mieux vivre ensemble, ou dans certains cas de se s\u00e9parer. Le th\u00e9rapeute de couple essaye de vous aider \u00e0 comprendre les m\u00e9canismes psychiques en jeu qui mettent en [&hellip;]\" \/>\n<meta property=\"og:url\" content=\"https:\/\/bertrandassezat-psychologue.fr\/?page_id=431\" \/>\n<meta property=\"og:site_name\" content=\"Bertrand ASSEZAT\" \/>\n<meta property=\"article:modified_time\" content=\"2019-12-09T16:41:23+00:00\" \/>\n<meta name=\"twitter:card\" content=\"summary_large_image\" \/>\n<meta name=\"twitter:label1\" content=\"Dur\u00e9e de lecture estim\u00e9e\" \/>\n\t<meta name=\"twitter:data1\" content=\"1 minute\" \/>\n<script type=\"application\/ld+json\" class=\"yoast-schema-graph\">{\"@context\":\"https:\\\/\\\/schema.org\",\"@graph\":[{\"@type\":\"WebPage\",\"@id\":\"https:\\\/\\\/bertrandassezat-psychologue.fr\\\/?page_id=431\",\"url\":\"https:\\\/\\\/bertrandassezat-psychologue.fr\\\/?page_id=431\",\"name\":\"Couples - Bertrand ASSEZAT\",\"isPartOf\":{\"@id\":\"https:\\\/\\\/bertrandassezat-psychologue.fr\\\/#website\"},\"datePublished\":\"2019-12-09T16:37:25+00:00\",\"dateModified\":\"2019-12-09T16:41:23+00:00\",\"breadcrumb\":{\"@id\":\"https:\\\/\\\/bertrandassezat-psychologue.fr\\\/?page_id=431#breadcrumb\"},\"inLanguage\":\"fr-FR\",\"potentialAction\":[{\"@type\":\"ReadAction\",\"target\":[\"https:\\\/\\\/bertrandassezat-psychologue.fr\\\/?page_id=431\"]}]},{\"@type\":\"BreadcrumbList\",\"@id\":\"https:\\\/\\\/bertrandassezat-psychologue.fr\\\/?page_id=431#breadcrumb\",\"itemListElement\":[{\"@type\":\"ListItem\",\"position\":1,\"name\":\"Accueil\",\"item\":\"https:\\\/\\\/bertrandassezat-psychologue.fr\\\/\"},{\"@type\":\"ListItem\",\"position\":2,\"name\":\"Couples\"}]},{\"@type\":\"WebSite\",\"@id\":\"https:\\\/\\\/bertrandassezat-psychologue.fr\\\/#website\",\"url\":\"https:\\\/\\\/bertrandassezat-psychologue.fr\\\/\",\"name\":\"Bertrand ASSEZAT\",\"description\":\"Psychologue Clinicien - Psychoth\u00e9rapeute - Psychanalyste (SPP) \u00e0 Asni\u00e8res Sur Seine, gare de Becon les Bruyeres\",\"potentialAction\":[{\"@type\":\"SearchAction\",\"target\":{\"@type\":\"EntryPoint\",\"urlTemplate\":\"https:\\\/\\\/bertrandassezat-psychologue.fr\\\/?s={search_term_string}\"},\"query-input\":{\"@type\":\"PropertyValueSpecification\",\"valueRequired\":true,\"valueName\":\"search_term_string\"}}],\"inLanguage\":\"fr-FR\"}]}<\/script>\n<!-- \/ Yoast SEO plugin. -->","yoast_head_json":{"title":"Couples - Bertrand ASSEZAT","robots":{"index":"index","follow":"follow","max-snippet":"max-snippet:-1","max-image-preview":"max-image-preview:large","max-video-preview":"max-video-preview:-1"},"canonical":"https:\/\/bertrandassezat-psychologue.fr\/?page_id=431","og_locale":"fr_FR","og_type":"article","og_title":"Couples - Bertrand ASSEZAT","og_description":"Les th\u00e9rapies psychanalytiques du couple visent \u00e0 r\u00e9tablir la communication \u00e0 l\u2019int\u00e9rieur du couple, \u00e0 favoriser la parole. Elles tendent \u00e0 permettre aux partenaires du couple de mieux vivre ensemble, ou dans certains cas de se s\u00e9parer. Le th\u00e9rapeute de couple essaye de vous aider \u00e0 comprendre les m\u00e9canismes psychiques en jeu qui mettent en [&hellip;]","og_url":"https:\/\/bertrandassezat-psychologue.fr\/?page_id=431","og_site_name":"Bertrand ASSEZAT","article_modified_time":"2019-12-09T16:41:23+00:00","twitter_card":"summary_large_image","twitter_misc":{"Dur\u00e9e de lecture estim\u00e9e":"1 minute"},"schema":{"@context":"https:\/\/schema.org","@graph":[{"@type":"WebPage","@id":"https:\/\/bertrandassezat-psychologue.fr\/?page_id=431","url":"https:\/\/bertrandassezat-psychologue.fr\/?page_id=431","name":"Couples - Bertrand ASSEZAT","isPartOf":{"@id":"https:\/\/bertrandassezat-psychologue.fr\/#website"},"datePublished":"2019-12-09T16:37:25+00:00","dateModified":"2019-12-09T16:41:23+00:00","breadcrumb":{"@id":"https:\/\/bertrandassezat-psychologue.fr\/?page_id=431#breadcrumb"},"inLanguage":"fr-FR","potentialAction":[{"@type":"ReadAction","target":["https:\/\/bertrandassezat-psychologue.fr\/?page_id=431"]}]},{"@type":"BreadcrumbList","@id":"https:\/\/bertrandassezat-psychologue.fr\/?page_id=431#breadcrumb","itemListElement":[{"@type":"ListItem","position":1,"name":"Accueil","item":"https:\/\/bertrandassezat-psychologue.fr\/"},{"@type":"ListItem","position":2,"name":"Couples"}]},{"@type":"WebSite","@id":"https:\/\/bertrandassezat-psychologue.fr\/#website","url":"https:\/\/bertrandassezat-psychologue.fr\/","name":"Bertrand ASSEZAT","description":"Psychologue Clinicien - Psychoth\u00e9rapeute - Psychanalyste (SPP) \u00e0 Asni\u00e8res Sur Seine, gare de Becon les Bruyeres","potentialAction":[{"@type":"SearchAction","target":{"@type":"EntryPoint","urlTemplate":"https:\/\/bertrandassezat-psychologue.fr\/?s={search_term_string}"},"query-input":{"@type":"PropertyValueSpecification","valueRequired":true,"valueName":"search_term_string"}}],"inLanguage":"fr-FR"}]}},"jetpack_sharing_enabled":true,"_links":{"self":[{"href":"https:\/\/bertrandassezat-psychologue.fr\/index.php?rest_route=\/wp\/v2\/pages\/431","targetHints":{"allow":["GET"]}}],"collection":[{"href":"https:\/\/bertrandassezat-psychologue.fr\/index.php?rest_route=\/wp\/v2\/pages"}],"about":[{"href":"https:\/\/bertrandassezat-psychologue.fr\/index.php?rest_route=\/wp\/v2\/types\/page"}],"author":[{"embeddable":true,"href":"https:\/\/bertrandassezat-psychologue.fr\/index.php?rest_route=\/wp\/v2\/users\/1"}],"replies":[{"embeddable":true,"href":"https:\/\/bertrandassezat-psychologue.fr\/index.php?rest_route=%2Fwp%2Fv2%2Fcomments&post=431"}],"version-history":[{"count":1,"href":"https:\/\/bertrandassezat-psychologue.fr\/index.php?rest_route=\/wp\/v2\/pages\/431\/revisions"}],"predecessor-version":[{"id":432,"href":"https:\/\/bertrandassezat-psychologue.fr\/index.php?rest_route=\/wp\/v2\/pages\/431\/revisions\/432"}],"wp:attachment":[{"href":"https:\/\/bertrandassezat-psychologue.fr\/index.php?rest_route=%2Fwp%2Fv2%2Fmedia&parent=431"}],"curies":[{"name":"wp","href":"https:\/\/api.w.org\/{rel}","templated":true}]}}